{"id":27065,"date":"2022-04-04T20:32:54","date_gmt":"2022-04-05T01:32:54","guid":{"rendered":"https:\/\/comecite.org\/ccss\/?page_id=27065"},"modified":"2025-04-23T16:47:10","modified_gmt":"2025-04-23T22:47:10","slug":"registro-virtual","status":"publish","type":"page","link":"https:\/\/comecite.org\/ccss\/registro-virtual\/","title":{"rendered":"Registro-Virtual"},"content":{"rendered":"\t\t<div data-elementor-type=\"wp-post\" data-elementor-id=\"27065\" class=\"elementor elementor-27065\" data-elementor-settings=\"[]\">\n\t\t\t<div class=\"elementor-inner\">\n\t\t\t\t<div class=\"elementor-section-wrap\">\n\t\t\t\t\t\t\t<section class=\"elementor-element elementor-element-baba6b2 elementor-section-stretched elementor-section-full_width elementor-section-height-default elementor-section-height-default elementor-invisible elementor-section elementor-top-section\" data-id=\"baba6b2\" data-element_type=\"section\" data-settings=\"{&quot;stretch_section&quot;:&quot;section-stretched&quot;,&quot;background_background&quot;:&quot;classic&quot;,&quot;animation&quot;:&quot;none&quot;}\">\n\t\t\t\t\t\t\t<div class=\"elementor-background-overlay\"><\/div>\n\t\t\t\t\t\t\t<div class=\"elementor-container elementor-column-gap-default\">\n\t\t\t\t<div class=\"elementor-row\">\n\t\t\t\t<div class=\"elementor-element elementor-element-5c523fd elementor-invisible elementor-column elementor-col-100 elementor-top-column\" data-id=\"5c523fd\" data-element_type=\"column\" data-settings=\"{&quot;background_background&quot;:&quot;classic&quot;,&quot;animation&quot;:&quot;none&quot;}\">\n\t\t\t<div class=\"elementor-column-wrap  elementor-element-populated\">\n\t\t\t\t\t<div class=\"elementor-widget-wrap\">\n\t\t\t\t<div class=\"elementor-element elementor-element-38087fb elementor-invisible elementor-widget elementor-widget-spacer\" data-id=\"38087fb\" data-element_type=\"widget\" data-settings=\"{&quot;_animation&quot;:&quot;none&quot;}\" data-widget_type=\"spacer.default\">\n\t\t\t\t<div class=\"elementor-widget-container\">\n\t\t\t\t\t<div class=\"elementor-spacer\">\n\t\t\t<div class=\"elementor-spacer-inner\"><\/div>\n\t\t<\/div>\n\t\t\t\t<\/div>\n\t\t\t\t<\/div>\n\t\t\t\t<div class=\"elementor-element elementor-element-65716e0 elementor-invisible elementor-widget elementor-widget-heading\" data-id=\"65716e0\" data-element_type=\"widget\" data-settings=\"{&quot;_animation&quot;:&quot;none&quot;}\" data-widget_type=\"heading.default\">\n\t\t\t\t<div class=\"elementor-widget-container\">\n\t\t\t<h2 class=\"elementor-heading-title elementor-size-default\">Registro Virtual<\/h2>\t\t<\/div>\n\t\t\t\t<\/div>\n\t\t\t\t<div class=\"elementor-element elementor-element-fafda3e elementor-hidden-desktop elementor-hidden-tablet elementor-hidden-phone elementor-invisible elementor-widget elementor-widget-heading\" data-id=\"fafda3e\" data-element_type=\"widget\" data-settings=\"{&quot;_animation&quot;:&quot;none&quot;}\" data-widget_type=\"heading.default\">\n\t\t\t\t<div class=\"elementor-widget-container\">\n\t\t\t<h2 class=\"elementor-heading-title elementor-size-default\">Gracias por tu participaci\u00f3n. Registro cerrado<\/h2>\t\t<\/div>\n\t\t\t\t<\/div>\n\t\t\t\t<div class=\"elementor-element elementor-element-21b3808 elementor-invisible elementor-widget elementor-widget-text-editor\" data-id=\"21b3808\" data-element_type=\"widget\" data-settings=\"{&quot;_animation&quot;:&quot;none&quot;}\" data-widget_type=\"text-editor.default\">\n\t\t\t\t<div class=\"elementor-widget-container\">\n\t\t\t\t\t<div class=\"elementor-text-editor elementor-clearfix\"><p>Para efectuar su registro deber\u00e1 contar con su comprobante de pago o <strong>c\u00f3digo valido<\/strong>.<\/p><\/div>\n\t\t\t\t<\/div>\n\t\t\t\t<\/div>\n\t\t\t\t<div class=\"elementor-element elementor-element-3397071 elementor-invisible elementor-widget elementor-widget-text-editor\" data-id=\"3397071\" data-element_type=\"widget\" data-settings=\"{&quot;_animation&quot;:&quot;none&quot;}\" data-widget_type=\"text-editor.default\">\n\t\t\t\t<div class=\"elementor-widget-container\">\n\t\t\t\t\t<div class=\"elementor-text-editor elementor-clearfix\"><p><strong>Los registros est\u00e1n sujetos a revisi\u00f3n, si detectamos alguna anomalia se invalidar\u00e1 el registro.<\/strong><\/p><p><strong>El nombre en su constancia se agregar\u00e1 tal como lo capture<\/strong><\/p><\/div>\n\t\t\t\t<\/div>\n\t\t\t\t<\/div>\n\t\t\t\t<div class=\"elementor-element elementor-element-2c1e9211 elementor-button-align-center elementor-invisible elementor-widget elementor-widget-form\" data-id=\"2c1e9211\" data-element_type=\"widget\" data-settings=\"{&quot;step_next_label&quot;:&quot;Next&quot;,&quot;step_previous_label&quot;:&quot;Previous&quot;,&quot;_animation&quot;:&quot;none&quot;,&quot;button_width&quot;:&quot;100&quot;,&quot;step_type&quot;:&quot;number_text&quot;,&quot;step_icon_shape&quot;:&quot;circle&quot;}\" data-widget_type=\"form.default\">\n\t\t\t\t<div class=\"elementor-widget-container\">\n\t\t\t\t\t<form class=\"elementor-form\" method=\"post\" name=\"Registro-Virt\">\n\t\t\t<input type=\"hidden\" name=\"post_id\" value=\"27065\"\/>\n\t\t\t<input type=\"hidden\" name=\"form_id\" value=\"2c1e9211\"\/>\n\n\t\t\t\n\t\t\t<div class=\"elementor-form-fields-wrapper elementor-labels-above\">\n\t\t\t\t\t\t\t\t<div class=\"elementor-field-type-select elementor-field-group elementor-column elementor-field-group-field_3364e5b elementor-col-20 elementor-field-required elementor-mark-required\">\n\t\t\t\t\t<label for=\"form-field-field_3364e5b\" class=\"elementor-field-label\">Tit.<\/label>\t\t<div class=\"elementor-field elementor-select-wrapper \">\n\t\t\t<select name=\"form_fields[field_3364e5b]\" id=\"form-field-field_3364e5b\" class=\"elementor-field-textual elementor-size-sm\" required=\"required\" aria-required=\"true\">\n\t\t\t\t<option value=\"Dra.\">Dra.<\/option><option value=\"Dr.\">Dr.<\/option><option value=\"Lic.\">Lic.<\/option><option value=\"Enf.\">Enf.<\/option><option value=\"Tec.\">Tec.<\/option>\t\t\t<\/select>\n\t\t<\/div>\n\t\t\t\t\t\t<\/div>\n\t\t\t\t\t\t\t\t<div class=\"elementor-field-type-text elementor-field-group elementor-column elementor-field-group-name elementor-col-25 elementor-field-required elementor-mark-required\">\n\t\t\t\t\t<label for=\"form-field-name\" class=\"elementor-field-label\">Nombre(s)<\/label><input size=\"1\" type=\"text\" name=\"form_fields[name]\" id=\"form-field-name\" class=\"elementor-field elementor-size-sm  elementor-field-textual\" placeholder=\"Ingrese su Nombre(s)\" required=\"required\" aria-required=\"true\">\t\t\t\t<\/div>\n\t\t\t\t\t\t\t\t<div class=\"elementor-field-type-text elementor-field-group elementor-column elementor-field-group-field_6b487ff elementor-col-25 elementor-field-required elementor-mark-required\">\n\t\t\t\t\t<label for=\"form-field-field_6b487ff\" class=\"elementor-field-label\">Primer Apellido<\/label><input size=\"1\" type=\"text\" name=\"form_fields[field_6b487ff]\" id=\"form-field-field_6b487ff\" class=\"elementor-field elementor-size-sm  elementor-field-textual\" placeholder=\"Ingrese su Primer Apellido\" required=\"required\" aria-required=\"true\">\t\t\t\t<\/div>\n\t\t\t\t\t\t\t\t<div class=\"elementor-field-type-text elementor-field-group elementor-column elementor-field-group-field_83aa22a elementor-col-25\">\n\t\t\t\t\t<label for=\"form-field-field_83aa22a\" class=\"elementor-field-label\">Segundo Apellido<\/label><input size=\"1\" type=\"text\" name=\"form_fields[field_83aa22a]\" id=\"form-field-field_83aa22a\" class=\"elementor-field elementor-size-sm  elementor-field-textual\" placeholder=\"Ingrese su Segundo Apellido\">\t\t\t\t<\/div>\n\t\t\t\t\t\t\t\t<div class=\"elementor-field-type-text elementor-field-group elementor-column elementor-field-group-field_a306748 elementor-col-25\">\n\t\t\t\t\t<label for=\"form-field-field_a306748\" class=\"elementor-field-label\">CURP (requerido CMC)<\/label><input size=\"1\" type=\"text\" name=\"form_fields[field_a306748]\" id=\"form-field-field_a306748\" class=\"elementor-field elementor-size-sm  elementor-field-textual\" placeholder=\"Ingrese su CURP\">\t\t\t\t<\/div>\n\t\t\t\t\t\t\t\t<div class=\"elementor-field-type-email elementor-field-group elementor-column elementor-field-group-email elementor-col-25 elementor-field-required elementor-mark-required\">\n\t\t\t\t\t<label for=\"form-field-email\" class=\"elementor-field-label\">Correo Electr\u00f3nico<\/label><input size=\"1\" type=\"email\" name=\"form_fields[email]\" id=\"form-field-email\" class=\"elementor-field elementor-size-sm  elementor-field-textual\" placeholder=\"Ingrese su Correo Electr\u00f3nico\" required=\"required\" aria-required=\"true\">\t\t\t\t<\/div>\n\t\t\t\t\t\t\t\t<div class=\"elementor-field-type-text elementor-field-group elementor-column elementor-field-group-field_7f25891 elementor-col-30 elementor-field-required elementor-mark-required\">\n\t\t\t\t\t<label for=\"form-field-field_7f25891\" class=\"elementor-field-label\">Usuario (Plataforma)<\/label><input size=\"1\" type=\"text\" name=\"form_fields[field_7f25891]\" id=\"form-field-field_7f25891\" class=\"elementor-field elementor-size-sm  elementor-field-textual\" placeholder=\"Crea un usuario para ingresar\" required=\"required\" aria-required=\"true\">\t\t\t\t<\/div>\n\t\t\t\t\t\t\t\t<div class=\"elementor-field-type-password elementor-field-group elementor-column elementor-field-group-field_3b451a7 elementor-col-20 elementor-field-required elementor-mark-required\">\n\t\t\t\t\t<label for=\"form-field-field_3b451a7\" class=\"elementor-field-label\">Contrase\u00f1a (Plataforma)<\/label><input size=\"1\" type=\"password\" name=\"form_fields[field_3b451a7]\" id=\"form-field-field_3b451a7\" class=\"elementor-field elementor-size-sm  elementor-field-textual\" placeholder=\"Elije una contrase\u00f1a para ingresar\" required=\"required\" aria-required=\"true\">\t\t\t\t<\/div>\n\t\t\t\t\t\t\t\t<div class=\"elementor-field-type-password elementor-field-group elementor-column elementor-field-group-field_08cf85a elementor-col-20 elementor-field-required elementor-mark-required\">\n\t\t\t\t\t<label for=\"form-field-field_08cf85a\" class=\"elementor-field-label\">Confirme su contrase\u00f1a<\/label><input size=\"1\" type=\"password\" name=\"form_fields[field_08cf85a]\" id=\"form-field-field_08cf85a\" class=\"elementor-field elementor-size-sm  elementor-field-textual\" placeholder=\"Confirme su contrase\u00f1a para ingresar\" required=\"required\" aria-required=\"true\">\t\t\t\t<\/div>\n\t\t\t\t\t\t\t\t<div class=\"elementor-field-type-tel elementor-field-group elementor-column elementor-field-group-field_13adf48 elementor-col-25 elementor-field-required elementor-mark-required\">\n\t\t\t\t\t<label for=\"form-field-field_13adf48\" class=\"elementor-field-label\">N\u00famero Celular<\/label><input size=\"1\" type=\"tel\" name=\"form_fields[field_13adf48]\" id=\"form-field-field_13adf48\" class=\"elementor-field elementor-size-sm  elementor-field-textual\" placeholder=\"Ingrese su N\u00famero Celular\" required=\"required\" aria-required=\"true\" pattern=\"[0-9()#&amp;+*-=.]+\" title=\"Only numbers and phone characters (#, -, *, etc) are accepted.\">\t\t\t\t<\/div>\n\t\t\t\t\t\t\t\t<div class=\"elementor-field-type-text elementor-field-group elementor-column elementor-field-group-field_40b52e0 elementor-col-25 elementor-field-required elementor-mark-required\">\n\t\t\t\t\t<label for=\"form-field-field_40b52e0\" class=\"elementor-field-label\">Especialidad<\/label><input size=\"1\" type=\"text\" name=\"form_fields[field_40b52e0]\" id=\"form-field-field_40b52e0\" class=\"elementor-field elementor-size-sm  elementor-field-textual\" placeholder=\"Especifique su Especialidad\" required=\"required\" aria-required=\"true\">\t\t\t\t<\/div>\n\t\t\t\t\t\t\t\t<div class=\"elementor-field-type-select elementor-field-group elementor-column elementor-field-group-field_d3fd65c elementor-col-25 elementor-field-required elementor-mark-required\">\n\t\t\t\t\t<label for=\"form-field-field_d3fd65c\" class=\"elementor-field-label\">Estado<\/label>\t\t<div class=\"elementor-field elementor-select-wrapper \">\n\t\t\t<select name=\"form_fields[field_d3fd65c]\" id=\"form-field-field_d3fd65c\" class=\"elementor-field-textual elementor-size-sm\" required=\"required\" aria-required=\"true\">\n\t\t\t\t<option value=\"Aguascalientes\">Aguascalientes<\/option><option value=\"Baja California\">Baja California<\/option><option value=\"Baja California Sur\">Baja California Sur<\/option><option value=\"Campeche\">Campeche<\/option><option value=\"Coahuila\">Coahuila<\/option><option value=\"Colima\">Colima<\/option><option value=\"Chiapas\">Chiapas<\/option><option value=\"Chihuahua\">Chihuahua<\/option><option value=\"Ciudad de M\u00e9xico\">Ciudad de M\u00e9xico<\/option><option value=\"Durango\">Durango<\/option><option value=\"Guanajuato\">Guanajuato<\/option><option value=\"Guerrero\">Guerrero<\/option><option value=\"Hidalgo\">Hidalgo<\/option><option value=\"Jalisco\">Jalisco<\/option><option value=\"M\u00e9xico\">M\u00e9xico<\/option><option value=\"Michoac\u00e1n\">Michoac\u00e1n<\/option><option value=\"Morelos\">Morelos<\/option><option value=\"Nayarit\">Nayarit<\/option><option value=\"Nuevo Le\u00f3n\">Nuevo Le\u00f3n<\/option><option value=\"Oaxaca\">Oaxaca<\/option><option value=\"Puebla\">Puebla<\/option><option value=\"Quer\u00e9taro\">Quer\u00e9taro<\/option><option value=\"Quintana Roo\">Quintana Roo<\/option><option value=\"San Luis Potos\u00ed\">San Luis Potos\u00ed<\/option><option value=\"Sinaloa\">Sinaloa<\/option><option value=\"Sonora\">Sonora<\/option><option value=\"Tabasco\">Tabasco<\/option><option value=\"Tamaulipas\">Tamaulipas<\/option><option value=\"Tlaxcala\">Tlaxcala<\/option><option value=\"Veracruz\">Veracruz<\/option><option value=\"Yucat\u00e1n\">Yucat\u00e1n<\/option><option value=\"Zacatecas\">Zacatecas<\/option><option value=\"Extranjero\">Extranjero<\/option>\t\t\t<\/select>\n\t\t<\/div>\n\t\t\t\t\t\t<\/div>\n\t\t\t\t\t\t\t\t<div class=\"elementor-field-type-text elementor-field-group elementor-column elementor-field-group-field_76f72f5 elementor-col-25\">\n\t\t\t\t\t<label for=\"form-field-field_76f72f5\" class=\"elementor-field-label\">C\u00f3digo<\/label><input size=\"1\" type=\"text\" name=\"form_fields[field_76f72f5]\" id=\"form-field-field_76f72f5\" class=\"elementor-field elementor-size-sm  elementor-field-textual\" placeholder=\"(en caso de tenerlo)\">\t\t\t\t<\/div>\n\t\t\t\t\t\t\t\t<div class=\"elementor-field-type-upload elementor-field-group elementor-column elementor-field-group-field_0e6bdfd elementor-col-25\">\n\t\t\t\t\t<label for=\"form-field-field_0e6bdfd\" class=\"elementor-field-label\">Pago (si no cuenta con c\u00f3digo)<\/label><input type=\"file\" name=\"form_fields[field_0e6bdfd]\" id=\"form-field-field_0e6bdfd\" class=\"elementor-field elementor-size-sm  elementor-upload-field\" data-maxsize=\"5\" data-maxsize-message=\"This file exceeds the maximum allowed size.\">\t\t\t\t<\/div>\n\t\t\t\t\t\t\t\t<div class=\"elementor-field-type-upload elementor-field-group elementor-column elementor-field-group-field_2f2237a elementor-col-25\">\n\t\t\t\t\t<label for=\"form-field-field_2f2237a\" class=\"elementor-field-label\">C\u00e9dula\/Credencial de Estudiante o Enf.<\/label><input type=\"file\" name=\"form_fields[field_2f2237a]\" id=\"form-field-field_2f2237a\" class=\"elementor-field elementor-size-sm  elementor-upload-field\" data-maxsize=\"5\" data-maxsize-message=\"This file exceeds the maximum allowed size.\">\t\t\t\t<\/div>\n\t\t\t\t\t\t\t\t<div class=\"elementor-field-group elementor-column elementor-field-type-submit elementor-col-100 e-form__buttons\">\n\t\t\t\t\t<button type=\"submit\" class=\"elementor-button elementor-size-sm\">\n\t\t\t\t\t\t<span >\n\t\t\t\t\t\t\t\t\t\t\t\t\t\t\t<span class=\"elementor-align-icon-right elementor-button-icon\">\n\t\t\t\t\t\t\t\t\t<i aria-hidden=\"true\" class=\"far fa-arrow-alt-circle-right\"><\/i>\t\t\t\t\t\t\t\t\t\t\t\t\t\t\t\t\t<\/span>\n\t\t\t\t\t\t\t\t\t\t\t\t\t\t\t\t\t\t\t\t\t\t<span class=\"elementor-button-text\">Registrarme<\/span>\n\t\t\t\t\t\t\t\t\t\t\t\t\t<\/span>\n\t\t\t\t\t<\/button>\n\t\t\t\t<\/div>\n\t\t\t<\/div>\n\t\t<\/form>\n\t\t\t\t<\/div>\n\t\t\t\t<\/div>\n\t\t\t\t<div class=\"elementor-element elementor-element-daf630a elementor-align-center elementor-icon-list--layout-traditional elementor-widget elementor-widget-icon-list\" data-id=\"daf630a\" data-element_type=\"widget\" data-widget_type=\"icon-list.default\">\n\t\t\t\t<div class=\"elementor-widget-container\">\n\t\t\t\t\t<ul class=\"elementor-icon-list-items\">\n\t\t\t\t\t\t\t<li class=\"elementor-icon-list-item\" >\n\t\t\t\t\t\t\t\t\t\t\t<span class=\"elementor-icon-list-icon\">\n\t\t\t\t\t\t\t<i aria-hidden=\"true\" class=\"fas fa-credit-card\"><\/i>\t\t\t\t\t\t<\/span>\n\t\t\t\t\t\t\t\t\t\t<span class=\"elementor-icon-list-text\">Colegio Mexicano de Cardiolog\u00eda Intervencionista y Terapia Endovascular A.C.<\/span>\n\t\t\t\t\t\t\t\t\t<\/li>\n\t\t\t\t\t\t<\/ul>\n\t\t\t\t<\/div>\n\t\t\t\t<\/div>\n\t\t\t\t<div class=\"elementor-element elementor-element-b102297 elementor-widget elementor-widget-heading\" data-id=\"b102297\" data-element_type=\"widget\" data-widget_type=\"heading.default\">\n\t\t\t\t<div class=\"elementor-widget-container\">\n\t\t\t<h2 class=\"elementor-heading-title elementor-size-default\">Concepto: CCSS 2025 <br>\nBANCO:     BBVA <br>\nCuenta:     0124494571 <br>\nClabe:    012180001244945715<\/h2>\t\t<\/div>\n\t\t\t\t<\/div>\n\t\t\t\t<div class=\"elementor-element elementor-element-5867d6d5 elementor-align-center elementor-invisible elementor-widget elementor-widget-button\" data-id=\"5867d6d5\" data-element_type=\"widget\" data-settings=\"{&quot;_animation&quot;:&quot;none&quot;}\" data-widget_type=\"button.default\">\n\t\t\t\t<div class=\"elementor-widget-container\">\n\t\t\t\t\t<div class=\"elementor-button-wrapper\">\n\t\t\t<a href=\"https:\/\/comecite.org\/ccss\" class=\"elementor-button-link elementor-button elementor-size-sm elementor-animation-shrink\" role=\"button\">\n\t\t\t\t\t\t<span class=\"elementor-button-content-wrapper\">\n\t\t\t\t\t\t<span class=\"elementor-button-icon elementor-align-icon-left\">\n\t\t\t\t<i aria-hidden=\"true\" class=\"fas fa-home\"><\/i>\t\t\t<\/span>\n\t\t\t\t\t\t<span class=\"elementor-button-text\">Volver al inicio<\/span>\n\t\t<\/span>\n\t\t\t\t\t<\/a>\n\t\t<\/div>\n\t\t\t\t<\/div>\n\t\t\t\t<\/div>\n\t\t\t\t<div class=\"elementor-element elementor-element-a67e8f8 elementor-widget elementor-widget-spacer\" data-id=\"a67e8f8\" data-element_type=\"widget\" data-widget_type=\"spacer.default\">\n\t\t\t\t<div class=\"elementor-widget-container\">\n\t\t\t\t\t<div class=\"elementor-spacer\">\n\t\t\t<div class=\"elementor-spacer-inner\"><\/div>\n\t\t<\/div>\n\t\t\t\t<\/div>\n\t\t\t\t<\/div>\n\t\t\t\t\t\t<\/div>\n\t\t\t<\/div>\n\t\t<\/div>\n\t\t\t\t\t\t<\/div>\n\t\t\t<\/div>\n\t\t<\/section>\n\t\t\t\t\t\t<\/div>\n\t\t\t<\/div>\n\t\t<\/div>\n\t\t","protected":false},"excerpt":{"rendered":"<p>Registro Virtual Gracias por tu participaci\u00f3n. Registro cerrado Para efectuar su registro deber\u00e1 contar con su comprobante de pago o c\u00f3digo valido. Los registros est\u00e1n sujetos a revisi\u00f3n, si detectamos alguna anomalia se invalidar\u00e1 el registro. El nombre en su constancia se agregar\u00e1 tal como lo capture Colegio Mexicano de Cardiolog\u00eda Intervencionista y Terapia Endovascular &hellip;<\/p>\n<p class=\"read-more\"> <a class=\"\" href=\"https:\/\/comecite.org\/ccss\/registro-virtual\/\"> <span class=\"screen-reader-text\">Registro-Virtual<\/span> Leer m\u00e1s &raquo;<\/a><\/p>\n","protected":false},"author":1,"featured_media":0,"parent":0,"menu_order":0,"comment_status":"closed","ping_status":"closed","template":"","meta":{"footnotes":""},"_links":{"self":[{"href":"https:\/\/comecite.org\/ccss\/wp-json\/wp\/v2\/pages\/27065"}],"collection":[{"href":"https:\/\/comecite.org\/ccss\/wp-json\/wp\/v2\/pages"}],"about":[{"href":"https:\/\/comecite.org\/ccss\/wp-json\/wp\/v2\/types\/page"}],"author":[{"embeddable":true,"href":"https:\/\/comecite.org\/ccss\/wp-json\/wp\/v2\/users\/1"}],"replies":[{"embeddable":true,"href":"https:\/\/comecite.org\/ccss\/wp-json\/wp\/v2\/comments?post=27065"}],"version-history":[{"count":10,"href":"https:\/\/comecite.org\/ccss\/wp-json\/wp\/v2\/pages\/27065\/revisions"}],"predecessor-version":[{"id":29251,"href":"https:\/\/comecite.org\/ccss\/wp-json\/wp\/v2\/pages\/27065\/revisions\/29251"}],"wp:attachment":[{"href":"https:\/\/comecite.org\/ccss\/wp-json\/wp\/v2\/media?parent=27065"}],"curies":[{"name":"wp","href":"https:\/\/api.w.org\/{rel}","templated":true}]}}